{"id":12,"date":"2020-10-25T13:39:48","date_gmt":"2020-10-25T13:39:48","guid":{"rendered":"https:\/\/www.helenacandelas.com\/?page_id=12"},"modified":"2020-10-28T22:27:11","modified_gmt":"2020-10-28T22:27:11","slug":"el-nuevo-umoma-abre-sus-puertas-2","status":"publish","type":"page","link":"https:\/\/www.helenacandelas.com\/index.php\/el-nuevo-umoma-abre-sus-puertas-2\/","title":{"rendered":"Joyer\u00eda de autor"},"content":{"rendered":"\n<div class=\"wp-block-group alignwide\"><div class=\"wp-block-group__inner-container is-layout-flow wp-block-group-is-layout-flow\">\n<h2 class=\"has-text-align-center wp-block-heading\">Joyer\u00eda contempor\u00e1nea de autor, dise\u00f1os \u00fanicos y originales inspirados en la naturaleza, el arte y la vida.<\/h2>\n<\/div><\/div>\n\n\n\n<div class=\"wp-block-columns alignwide is-layout-flex wp-container-core-columns-is-layout-28f84493 wp-block-columns-is-layout-flex\">\n<div class=\"wp-block-column is-layout-flow wp-block-column-is-layout-flow\">\n<div class=\"wp-block-group\"><div class=\"wp-block-group__inner-container is-layout-flow wp-block-group-is-layout-flow\">\n<figure class=\"wp-block-gallery alignfull columns-3 is-cropped wp-block-gallery-1 is-layout-flex wp-block-gallery-is-layout-flex\"><ul class=\"blocks-gallery-grid\"><li class=\"blocks-gallery-item\"><figure><img loading=\"lazy\" decoding=\"async\" width=\"2096\" height=\"1894\" src=\"https:\/\/www.helenacandelas.com\/wp-content\/uploads\/2020\/10\/IMG_20201026_144246.jpg\" alt=\"\" data-id=\"66\" data-full-url=\"https:\/\/www.helenacandelas.com\/wp-content\/uploads\/2020\/10\/IMG_20201026_144246.jpg\" data-link=\"https:\/\/www.helenacandelas.com\/?attachment_id=66\" class=\"wp-image-66\" srcset=\"https:\/\/www.helenacandelas.com\/wp-content\/uploads\/2020\/10\/IMG_20201026_144246.jpg 2096w, https:\/\/www.helenacandelas.com\/wp-content\/uploads\/2020\/10\/IMG_20201026_144246-600x542.jpg 600w, https:\/\/www.helenacandelas.com\/wp-content\/uploads\/2020\/10\/IMG_20201026_144246-300x271.jpg 300w, https:\/\/www.helenacandelas.com\/wp-content\/uploads\/2020\/10\/IMG_20201026_144246-1024x925.jpg 1024w, https:\/\/www.helenacandelas.com\/wp-content\/uploads\/2020\/10\/IMG_20201026_144246-768x694.jpg 768w, https:\/\/www.helenacandelas.com\/wp-content\/uploads\/2020\/10\/IMG_20201026_144246-1536x1388.jpg 1536w, https:\/\/www.helenacandelas.com\/wp-content\/uploads\/2020\/10\/IMG_20201026_144246-2048x1851.jpg 2048w\" sizes=\"auto, (max-width: 2096px) 100vw, 2096px\" \/><\/figure><\/li><li class=\"blocks-gallery-item\"><figure><img decoding=\"async\" src=\"https:\/\/www.helenacandelas.com\/wp-content\/uploads\/2020\/10\/IMG_20201026_144117-1.jpg\" alt=\"\" data-id=\"63\" data-link=\"https:\/\/www.helenacandelas.com\/?attachment_id=63\" class=\"wp-image-63\"\/><\/figure><\/li><li class=\"blocks-gallery-item\"><figure><img loading=\"lazy\" decoding=\"async\" width=\"1920\" height=\"2116\" src=\"https:\/\/www.helenacandelas.com\/wp-content\/uploads\/2020\/10\/IMG_20201026_144435-1.jpg\" alt=\"\" data-id=\"64\" data-link=\"https:\/\/www.helenacandelas.com\/?attachment_id=64\" class=\"wp-image-64\" srcset=\"https:\/\/www.helenacandelas.com\/wp-content\/uploads\/2020\/10\/IMG_20201026_144435-1.jpg 1920w, https:\/\/www.helenacandelas.com\/wp-content\/uploads\/2020\/10\/IMG_20201026_144435-1-600x661.jpg 600w, https:\/\/www.helenacandelas.com\/wp-content\/uploads\/2020\/10\/IMG_20201026_144435-1-272x300.jpg 272w, https:\/\/www.helenacandelas.com\/wp-content\/uploads\/2020\/10\/IMG_20201026_144435-1-929x1024.jpg 929w, https:\/\/www.helenacandelas.com\/wp-content\/uploads\/2020\/10\/IMG_20201026_144435-1-768x846.jpg 768w, https:\/\/www.helenacandelas.com\/wp-content\/uploads\/2020\/10\/IMG_20201026_144435-1-1394x1536.jpg 1394w, https:\/\/www.helenacandelas.com\/wp-content\/uploads\/2020\/10\/IMG_20201026_144435-1-1858x2048.jpg 1858w\" sizes=\"auto, (max-width: 1920px) 100vw, 1920px\" \/><\/figure><\/li><li class=\"blocks-gallery-item\"><figure><img loading=\"lazy\" decoding=\"async\" width=\"2119\" height=\"1684\" src=\"https:\/\/www.helenacandelas.com\/wp-content\/uploads\/2020\/10\/IMG_20201026_144047-1.jpg\" alt=\"\" data-id=\"65\" data-full-url=\"https:\/\/www.helenacandelas.com\/wp-content\/uploads\/2020\/10\/IMG_20201026_144047-1.jpg\" data-link=\"https:\/\/www.helenacandelas.com\/?attachment_id=65\" class=\"wp-image-65\" srcset=\"https:\/\/www.helenacandelas.com\/wp-content\/uploads\/2020\/10\/IMG_20201026_144047-1.jpg 2119w, https:\/\/www.helenacandelas.com\/wp-content\/uploads\/2020\/10\/IMG_20201026_144047-1-600x477.jpg 600w, https:\/\/www.helenacandelas.com\/wp-content\/uploads\/2020\/10\/IMG_20201026_144047-1-300x238.jpg 300w, https:\/\/www.helenacandelas.com\/wp-content\/uploads\/2020\/10\/IMG_20201026_144047-1-1024x814.jpg 1024w, https:\/\/www.helenacandelas.com\/wp-content\/uploads\/2020\/10\/IMG_20201026_144047-1-768x610.jpg 768w, https:\/\/www.helenacandelas.com\/wp-content\/uploads\/2020\/10\/IMG_20201026_144047-1-1536x1221.jpg 1536w, https:\/\/www.helenacandelas.com\/wp-content\/uploads\/2020\/10\/IMG_20201026_144047-1-2048x1628.jpg 2048w\" sizes=\"auto, (max-width: 2119px) 100vw, 2119px\" \/><\/figure><\/li><\/ul><\/figure>\n\n\n\n<h3 class=\"wp-block-heading\">Tendencias de joyer\u00eda contempor\u00e1nea<\/h3>\n\n\n\n<p>Rompe los moldes con una pieza irrepetible,  la colecci\u00f3n de joyas Helena Candelas son dise\u00f1os \u00fanicos, con significado profundo y belleza abstracta que representan el buen gusto con un significado art\u00edstico. <\/p>\n\n\n\n<div class=\"wp-block-button is-style-outline is-style-outline--2\"><a class=\"wp-block-button__link\" href=\"https:\/\/make.wordpress.org\/core\/2019\/09\/27\/block-editor-theme-related-updates-in-wordpress-5-3\/\">Leer m\u00e1s<\/a><\/div>\n<\/div><\/div>\n\n\n\n<div class=\"wp-block-group\"><div class=\"wp-block-group__inner-container is-layout-flow wp-block-group-is-layout-flow\">\n<figure class=\"wp-block-gallery alignfull columns-2 is-cropped wp-block-gallery-3 is-layout-flex wp-block-gallery-is-layout-flex\"><ul class=\"blocks-gallery-grid\"><li class=\"blocks-gallery-item\"><figure><img loading=\"lazy\" decoding=\"async\" width=\"2427\" height=\"2411\" src=\"https:\/\/www.helenacandelas.com\/wp-content\/uploads\/2020\/10\/bom-1-1.jpg\" alt=\"\" data-id=\"67\" data-link=\"https:\/\/www.helenacandelas.com\/?attachment_id=67\" class=\"wp-image-67\" srcset=\"https:\/\/www.helenacandelas.com\/wp-content\/uploads\/2020\/10\/bom-1-1.jpg 2427w, https:\/\/www.helenacandelas.com\/wp-content\/uploads\/2020\/10\/bom-1-1-100x100.jpg 100w, https:\/\/www.helenacandelas.com\/wp-content\/uploads\/2020\/10\/bom-1-1-600x596.jpg 600w, https:\/\/www.helenacandelas.com\/wp-content\/uploads\/2020\/10\/bom-1-1-300x298.jpg 300w, https:\/\/www.helenacandelas.com\/wp-content\/uploads\/2020\/10\/bom-1-1-1024x1017.jpg 1024w, https:\/\/www.helenacandelas.com\/wp-content\/uploads\/2020\/10\/bom-1-1-150x150.jpg 150w, https:\/\/www.helenacandelas.com\/wp-content\/uploads\/2020\/10\/bom-1-1-768x763.jpg 768w, https:\/\/www.helenacandelas.com\/wp-content\/uploads\/2020\/10\/bom-1-1-1536x1526.jpg 1536w, https:\/\/www.helenacandelas.com\/wp-content\/uploads\/2020\/10\/bom-1-1-2048x2034.jpg 2048w\" sizes=\"auto, (max-width: 2427px) 100vw, 2427px\" \/><\/figure><\/li><li class=\"blocks-gallery-item\"><figure><img loading=\"lazy\" decoding=\"async\" width=\"1057\" height=\"1056\" src=\"https:\/\/www.helenacandelas.com\/wp-content\/uploads\/2020\/10\/BIG-BANG-1.jpg\" alt=\"\" data-id=\"68\" data-full-url=\"https:\/\/www.helenacandelas.com\/wp-content\/uploads\/2020\/10\/BIG-BANG-1.jpg\" data-link=\"https:\/\/www.helenacandelas.com\/?attachment_id=68\" class=\"wp-image-68\" srcset=\"https:\/\/www.helenacandelas.com\/wp-content\/uploads\/2020\/10\/BIG-BANG-1.jpg 1057w, https:\/\/www.helenacandelas.com\/wp-content\/uploads\/2020\/10\/BIG-BANG-1-300x300.jpg 300w, https:\/\/www.helenacandelas.com\/wp-content\/uploads\/2020\/10\/BIG-BANG-1-100x100.jpg 100w, https:\/\/www.helenacandelas.com\/wp-content\/uploads\/2020\/10\/BIG-BANG-1-600x599.jpg 600w, https:\/\/www.helenacandelas.com\/wp-content\/uploads\/2020\/10\/BIG-BANG-1-1024x1024.jpg 1024w, https:\/\/www.helenacandelas.com\/wp-content\/uploads\/2020\/10\/BIG-BANG-1-150x150.jpg 150w, https:\/\/www.helenacandelas.com\/wp-content\/uploads\/2020\/10\/BIG-BANG-1-768x767.jpg 768w\" sizes=\"auto, (max-width: 1057px) 100vw, 1057px\" \/><\/figure><\/li><\/ul><\/figure>\n\n\n\n<h3 class=\"wp-block-heading\">Colgante artesanal Big Bang<\/h3>\n\n\n\n<p>Inspirado en la vida misma, atr\u00e9vete a descubrir la magia que encierra \u00e9sta pieza de joyer\u00eda contempor\u00e1nea.<\/p>\n\n\n\n<div class=\"wp-block-button is-style-outline is-style-outline--4\"><a class=\"wp-block-button__link\" href=\"https:\/\/make.wordpress.org\/core\/2019\/09\/27\/block-editor-theme-related-updates-in-wordpress-5-3\/\">Leer m\u00e1s<\/a><\/div>\n<\/div><\/div>\n<\/div>\n<\/div>\n\n\n\n<figure class=\"wp-block-image alignfull size-large\"><img loading=\"lazy\" decoding=\"async\" width=\"1024\" height=\"540\" src=\"https:\/\/www.helenacandelas.com\/wp-content\/uploads\/2020\/10\/IMG_20201026_124255-2-1024x540.jpg\" alt=\"\" class=\"wp-image-70\" srcset=\"https:\/\/www.helenacandelas.com\/wp-content\/uploads\/2020\/10\/IMG_20201026_124255-2-1024x540.jpg 1024w, https:\/\/www.helenacandelas.com\/wp-content\/uploads\/2020\/10\/IMG_20201026_124255-2-600x316.jpg 600w, https:\/\/www.helenacandelas.com\/wp-content\/uploads\/2020\/10\/IMG_20201026_124255-2-300x158.jpg 300w, https:\/\/www.helenacandelas.com\/wp-content\/uploads\/2020\/10\/IMG_20201026_124255-2-768x405.jpg 768w, https:\/\/www.helenacandelas.com\/wp-content\/uploads\/2020\/10\/IMG_20201026_124255-2-1536x809.jpg 1536w, https:\/\/www.helenacandelas.com\/wp-content\/uploads\/2020\/10\/IMG_20201026_124255-2-2048x1079.jpg 2048w\" sizes=\"auto, (max-width: 1024px) 100vw, 1024px\" \/><\/figure>\n\n\n\n<div class=\"wp-block-group alignwide\"><div class=\"wp-block-group__inner-container is-layout-flow wp-block-group-is-layout-flow\">\n<h2 class=\"has-text-align-center has-accent-color has-text-color wp-block-heading\">Tiaras <\/h2>\n<\/div><\/div>\n\n\n\n<p>Dise\u00f1os artesanales de tiaras, que te har\u00e1n sentir especial en cada ocasi\u00f3n.<\/p>\n\n\n\n<div class=\"wp-block-group alignwide has-background\" style=\"background-color:#ffffff\"><div class=\"wp-block-group__inner-container is-layout-flow wp-block-group-is-layout-flow\">\n<div class=\"wp-block-group\"><div class=\"wp-block-group__inner-container is-layout-flow wp-block-group-is-layout-flow\">\n<h2 class=\"has-text-align-center wp-block-heading\">\u00a1Hazte miembro y obt\u00e9n ofertas exclusivas!<\/h2>\n\n\n\n<p class=\"has-text-align-center\">Los miembros obtienen acceso a exhibiciones y ventas exclusivas. Recibe ofertas e informaci\u00f3n de tendencias todas las semanas.<\/p>\n\n\n\n<div class=\"wp-block-button aligncenter\"><a class=\"wp-block-button__link\" href=\"https:\/\/make.wordpress.org\/core\/2019\/09\/27\/block-editor-theme-related-updates-in-wordpress-5-3\/\">\u00danete al club<\/a><\/div>\n<\/div><\/div>\n<\/div><\/div>\n\n\n\n<figure class=\"wp-block-gallery alignwide columns-3 is-cropped wp-block-gallery-5 is-layout-flex wp-block-gallery-is-layout-flex\"><ul class=\"blocks-gallery-grid\"><li class=\"blocks-gallery-item\"><figure><img loading=\"lazy\" decoding=\"async\" width=\"731\" height=\"1024\" src=\"https:\/\/www.helenacandelas.com\/wp-content\/uploads\/2020\/10\/IMG_20201026_144736-1-731x1024.jpg\" alt=\"\" data-id=\"72\" data-link=\"https:\/\/www.helenacandelas.com\/?attachment_id=72\" class=\"wp-image-72\" srcset=\"https:\/\/www.helenacandelas.com\/wp-content\/uploads\/2020\/10\/IMG_20201026_144736-1-731x1024.jpg 731w, https:\/\/www.helenacandelas.com\/wp-content\/uploads\/2020\/10\/IMG_20201026_144736-1-600x841.jpg 600w, https:\/\/www.helenacandelas.com\/wp-content\/uploads\/2020\/10\/IMG_20201026_144736-1-214x300.jpg 214w, https:\/\/www.helenacandelas.com\/wp-content\/uploads\/2020\/10\/IMG_20201026_144736-1-768x1076.jpg 768w, https:\/\/www.helenacandelas.com\/wp-content\/uploads\/2020\/10\/IMG_20201026_144736-1-1096x1536.jpg 1096w, https:\/\/www.helenacandelas.com\/wp-content\/uploads\/2020\/10\/IMG_20201026_144736-1.jpg 1263w\" sizes=\"auto, (max-width: 731px) 100vw, 731px\" \/><\/figure><\/li><li class=\"blocks-gallery-item\"><figure><img loading=\"lazy\" decoding=\"async\" width=\"806\" height=\"1024\" src=\"https:\/\/www.helenacandelas.com\/wp-content\/uploads\/2020\/10\/IMG_20201026_150004-806x1024.jpg\" alt=\"\" data-id=\"73\" data-link=\"https:\/\/www.helenacandelas.com\/?attachment_id=73\" class=\"wp-image-73\" srcset=\"https:\/\/www.helenacandelas.com\/wp-content\/uploads\/2020\/10\/IMG_20201026_150004-806x1024.jpg 806w, https:\/\/www.helenacandelas.com\/wp-content\/uploads\/2020\/10\/IMG_20201026_150004-600x762.jpg 600w, https:\/\/www.helenacandelas.com\/wp-content\/uploads\/2020\/10\/IMG_20201026_150004-236x300.jpg 236w, https:\/\/www.helenacandelas.com\/wp-content\/uploads\/2020\/10\/IMG_20201026_150004-768x976.jpg 768w, https:\/\/www.helenacandelas.com\/wp-content\/uploads\/2020\/10\/IMG_20201026_150004-1209x1536.jpg 1209w, https:\/\/www.helenacandelas.com\/wp-content\/uploads\/2020\/10\/IMG_20201026_150004-1612x2048.jpg 1612w, https:\/\/www.helenacandelas.com\/wp-content\/uploads\/2020\/10\/IMG_20201026_150004.jpg 1744w\" sizes=\"auto, (max-width: 806px) 100vw, 806px\" \/><\/figure><\/li><li class=\"blocks-gallery-item\"><figure><img loading=\"lazy\" decoding=\"async\" width=\"789\" height=\"1024\" src=\"https:\/\/www.helenacandelas.com\/wp-content\/uploads\/2020\/10\/IMG_20201026_150133_resized_20201026_033115491-789x1024.jpg\" alt=\"\" data-id=\"74\" data-full-url=\"https:\/\/www.helenacandelas.com\/wp-content\/uploads\/2020\/10\/IMG_20201026_150133_resized_20201026_033115491.jpg\" data-link=\"https:\/\/www.helenacandelas.com\/?attachment_id=74\" class=\"wp-image-74\" srcset=\"https:\/\/www.helenacandelas.com\/wp-content\/uploads\/2020\/10\/IMG_20201026_150133_resized_20201026_033115491-789x1024.jpg 789w, https:\/\/www.helenacandelas.com\/wp-content\/uploads\/2020\/10\/IMG_20201026_150133_resized_20201026_033115491-600x779.jpg 600w, https:\/\/www.helenacandelas.com\/wp-content\/uploads\/2020\/10\/IMG_20201026_150133_resized_20201026_033115491-231x300.jpg 231w, https:\/\/www.helenacandelas.com\/wp-content\/uploads\/2020\/10\/IMG_20201026_150133_resized_20201026_033115491-768x997.jpg 768w, https:\/\/www.helenacandelas.com\/wp-content\/uploads\/2020\/10\/IMG_20201026_150133_resized_20201026_033115491-1183x1536.jpg 1183w, https:\/\/www.helenacandelas.com\/wp-content\/uploads\/2020\/10\/IMG_20201026_150133_resized_20201026_033115491.jpg 1410w\" sizes=\"auto, (max-width: 789px) 100vw, 789px\" \/><\/figure><\/li><\/ul><figcaption class=\"blocks-gallery-caption\">Joyer\u00eda inspirada en la \u00e9poca medieval para un estilo atemporal<\/figcaption><\/figure>\n\n\n\n<p><\/p>\n<!-- AddThis Advanced Settings generic via filter on the_content --><!-- AddThis Share Buttons generic via filter on the_content -->","protected":false},"excerpt":{"rendered":"<p>Joyer\u00eda contempor\u00e1nea de autor, dise\u00f1os \u00fanicos y originales inspirados en la naturaleza, el arte y la vida. Tendencias de joyer\u00eda contempor\u00e1nea Rompe los moldes con una pieza irrepetible, la colecci\u00f3n de joyas Helena Candelas son dise\u00f1os \u00fanicos, con significado profundo y belleza abstracta que representan el buen gusto con un significado art\u00edstico. Colgante artesanal Big [&hellip;]<!-- AddThis Advanced Settings generic via filter on get_the_excerpt --><!-- AddThis Share Buttons generic via filter on get_the_excerpt --><\/p>\n","protected":false},"author":1,"featured_media":76,"parent":0,"menu_order":0,"comment_status":"closed","ping_status":"closed","template":"","meta":{"site-sidebar-layout":"default","site-content-layout":"","ast-site-content-layout":"","site-content-style":"default","site-sidebar-style":"default","ast-global-header-display":"","ast-banner-title-visibility":"","ast-main-header-display":"","ast-hfb-above-header-display":"","ast-hfb-below-header-display":"","ast-hfb-mobile-header-display":"","site-post-title":"","ast-breadcrumbs-content":"","ast-featured-img":"","footer-sml-layout":"","theme-transparent-header-meta":"","adv-header-id-meta":"","stick-header-meta":"","header-above-stick-meta":"","header-main-stick-meta":"","header-below-stick-meta":"","astra-migrate-meta-layouts":"default","ast-page-background-enabled":"default","ast-page-background-meta":{"desktop":{"background-color":"var(--ast-global-color-4)","background-image":"","background-repeat":"repeat","background-position":"center center","background-size":"auto","background-attachment":"scroll","background-type":"","background-media":"","overlay-type":"","overlay-color":"","overlay-opacity":"","overlay-gradient":""},"tablet":{"background-color":"","background-image":"","background-repeat":"repeat","background-position":"center center","background-size":"auto","background-attachment":"scroll","background-type":"","background-media":"","overlay-type":"","overlay-color":"","overlay-opacity":"","overlay-gradient":""},"mobile":{"background-color":"","background-image":"","background-repeat":"repeat","background-position":"center center","background-size":"auto","background-attachment":"scroll","background-type":"","background-media":"","overlay-type":"","overlay-color":"","overlay-opacity":"","overlay-gradient":""}},"ast-content-background-meta":{"desktop":{"background-color":"var(--ast-global-color-5)","background-image":"","background-repeat":"repeat","background-position":"center center","background-size":"auto","background-attachment":"scroll","background-type":"","background-media":"","overlay-type":"","overlay-color":"","overlay-opacity":"","overlay-gradient":""},"tablet":{"background-color":"var(--ast-global-color-5)","background-image":"","background-repeat":"repeat","background-position":"center center","background-size":"auto","background-attachment":"scroll","background-type":"","background-media":"","overlay-type":"","overlay-color":"","overlay-opacity":"","overlay-gradient":""},"mobile":{"background-color":"var(--ast-global-color-5)","background-image":"","background-repeat":"repeat","background-position":"center center","background-size":"auto","background-attachment":"scroll","background-type":"","background-media":"","overlay-type":"","overlay-color":"","overlay-opacity":"","overlay-gradient":""}},"footnotes":""},"class_list":["post-12","page","type-page","status-publish","has-post-thumbnail","hentry"],"yoast_head":"<!-- This site is optimized with the Yoast SEO plugin v15.2 - https:\/\/yoast.com\/wordpress\/plugins\/seo\/ -->\n<title>Joyer\u00eda de autor - helena candelas<\/title>\n<meta name=\"description\" content=\"Joyer\u00eda contempor\u00e1nea de autor, dise\u00f1os \u00fanicos y originales inspirados en la naturaleza, el arte y la vida. Tendencias de joyer\u00eda contempor\u00e1nea Rompe los\" \/>\n<meta name=\"robots\" content=\"index, follow, max-snippet:-1, max-image-preview:large, max-video-preview:-1\" \/>\n<link rel=\"canonical\" href=\"https:\/\/www.helenacandelas.com\/index.php\/el-nuevo-umoma-abre-sus-puertas-2\/\" \/>\n<meta property=\"og:locale\" content=\"es_ES\" \/>\n<meta property=\"og:type\" content=\"article\" \/>\n<meta property=\"og:title\" content=\"Joyer\u00eda de autor - helena candelas\" \/>\n<meta property=\"og:description\" content=\"Joyer\u00eda contempor\u00e1nea de autor, dise\u00f1os \u00fanicos y originales inspirados en la naturaleza, el arte y la vida. Tendencias de joyer\u00eda contempor\u00e1nea Rompe los\" \/>\n<meta property=\"og:url\" content=\"https:\/\/www.helenacandelas.com\/index.php\/el-nuevo-umoma-abre-sus-puertas-2\/\" \/>\n<meta property=\"og:site_name\" content=\"helena candelas\" \/>\n<meta property=\"article:modified_time\" content=\"2020-10-28T22:27:11+00:00\" \/>\n<meta property=\"og:image\" content=\"https:\/\/www.helenacandelas.com\/wp-content\/uploads\/2020\/10\/anillo-lijado.jpg\" \/>\n\t<meta property=\"og:image:width\" content=\"1800\" \/>\n\t<meta property=\"og:image:height\" content=\"2501\" \/>\n<meta name=\"twitter:card\" content=\"summary_large_image\" \/>\n<meta name=\"twitter:label1\" value=\"Escrito por\">\n\t<meta name=\"twitter:data1\" value=\"admin\">\n\t<meta name=\"twitter:label2\" value=\"Tiempo de lectura\">\n\t<meta name=\"twitter:data2\" value=\"1 minuto\">\n<script type=\"application\/ld+json\" class=\"yoast-schema-graph\">{\"@context\":\"https:\/\/schema.org\",\"@graph\":[{\"@type\":\"WebSite\",\"@id\":\"https:\/\/www.helenacandelas.com\/#website\",\"url\":\"https:\/\/www.helenacandelas.com\/\",\"name\":\"helena candelas\",\"description\":\"Artista  contempor&aacute;nea\",\"potentialAction\":[{\"@type\":\"SearchAction\",\"target\":\"https:\/\/www.helenacandelas.com\/?s={search_term_string}\",\"query-input\":\"required name=search_term_string\"}],\"inLanguage\":\"es\"},{\"@type\":\"ImageObject\",\"@id\":\"https:\/\/www.helenacandelas.com\/index.php\/el-nuevo-umoma-abre-sus-puertas-2\/#primaryimage\",\"inLanguage\":\"es\",\"url\":\"https:\/\/www.helenacandelas.com\/wp-content\/uploads\/2020\/10\/anillo-lijado.jpg\",\"width\":1800,\"height\":2501},{\"@type\":\"WebPage\",\"@id\":\"https:\/\/www.helenacandelas.com\/index.php\/el-nuevo-umoma-abre-sus-puertas-2\/#webpage\",\"url\":\"https:\/\/www.helenacandelas.com\/index.php\/el-nuevo-umoma-abre-sus-puertas-2\/\",\"name\":\"Joyer\\u00eda de autor - helena candelas\",\"isPartOf\":{\"@id\":\"https:\/\/www.helenacandelas.com\/#website\"},\"primaryImageOfPage\":{\"@id\":\"https:\/\/www.helenacandelas.com\/index.php\/el-nuevo-umoma-abre-sus-puertas-2\/#primaryimage\"},\"datePublished\":\"2020-10-25T13:39:48+00:00\",\"dateModified\":\"2020-10-28T22:27:11+00:00\",\"description\":\"Joyer\\u00eda contempor\\u00e1nea de autor, dise\\u00f1os \\u00fanicos y originales inspirados en la naturaleza, el arte y la vida. Tendencias de joyer\\u00eda contempor\\u00e1nea Rompe los\",\"inLanguage\":\"es\",\"potentialAction\":[{\"@type\":\"ReadAction\",\"target\":[\"https:\/\/www.helenacandelas.com\/index.php\/el-nuevo-umoma-abre-sus-puertas-2\/\"]}]}]}<\/script>\n<!-- \/ Yoast SEO plugin. -->","_links":{"self":[{"href":"https:\/\/www.helenacandelas.com\/index.php\/wp-json\/wp\/v2\/pages\/12","targetHints":{"allow":["GET"]}}],"collection":[{"href":"https:\/\/www.helenacandelas.com\/index.php\/wp-json\/wp\/v2\/pages"}],"about":[{"href":"https:\/\/www.helenacandelas.com\/index.php\/wp-json\/wp\/v2\/types\/page"}],"author":[{"embeddable":true,"href":"https:\/\/www.helenacandelas.com\/index.php\/wp-json\/wp\/v2\/users\/1"}],"replies":[{"embeddable":true,"href":"https:\/\/www.helenacandelas.com\/index.php\/wp-json\/wp\/v2\/comments?post=12"}],"version-history":[{"count":4,"href":"https:\/\/www.helenacandelas.com\/index.php\/wp-json\/wp\/v2\/pages\/12\/revisions"}],"predecessor-version":[{"id":93,"href":"https:\/\/www.helenacandelas.com\/index.php\/wp-json\/wp\/v2\/pages\/12\/revisions\/93"}],"wp:featuredmedia":[{"embeddable":true,"href":"https:\/\/www.helenacandelas.com\/index.php\/wp-json\/wp\/v2\/media\/76"}],"wp:attachment":[{"href":"https:\/\/www.helenacandelas.com\/index.php\/wp-json\/wp\/v2\/media?parent=12"}],"curies":[{"name":"wp","href":"https:\/\/api.w.org\/{rel}","templated":true}]}}