{"id":13,"date":"2020-10-25T13:39:48","date_gmt":"2020-10-25T13:39:48","guid":{"rendered":"https:\/\/www.helenacandelas.com\/?page_id=13"},"modified":"2023-07-10T21:31:28","modified_gmt":"2023-07-10T21:31:28","slug":"la-artista","status":"publish","type":"page","link":"https:\/\/www.helenacandelas.com\/index.php\/la-artista\/","title":{"rendered":"La Artista"},"content":{"rendered":"\t\t<div data-elementor-type=\"wp-page\" data-elementor-id=\"13\" class=\"elementor elementor-13\" data-elementor-settings=\"[]\">\n\t\t\t\t\t\t<div class=\"elementor-inner\">\n\t\t\t\t\t\t\t<div class=\"elementor-section-wrap\">\n\t\t\t\t\t\t\t<section class=\"elementor-section elementor-top-section elementor-element elementor-element-704bb1e9 elementor-section-content-middle elementor-section-boxed elementor-section-height-default elementor-section-height-default\" data-id=\"704bb1e9\" data-element_type=\"section\" data-settings=\"{&quot;background_background&quot;:&quot;classic&quot;,&quot;shape_divider_top&quot;:&quot;tilt&quot;}\">\n\t\t\t\t\t\t\t<div class=\"elementor-background-overlay\"><\/div>\n\t\t\t\t\t\t<div class=\"elementor-shape elementor-shape-top\" data-negative=\"false\">\n\t\t\t<svg xmlns=\"http:\/\/www.w3.org\/2000\/svg\" viewBox=\"0 0 1000 100\" preserveAspectRatio=\"none\">\n\t<path class=\"elementor-shape-fill\" d=\"M0,6V0h1000v100L0,6z\"\/>\n<\/svg>\t\t<\/div>\n\t\t\t\t\t<div class=\"elementor-container elementor-column-gap-wide\">\n\t\t\t\t\t\t\t<div class=\"elementor-row\">\n\t\t\t\t\t<div class=\"elementor-column elementor-col-16 elementor-top-column elementor-element elementor-element-52a681bc\" data-id=\"52a681bc\" data-element_type=\"column\">\n\t\t\t<div class=\"elementor-column-wrap elementor-element-populated\">\n\t\t\t\t\t\t\t<div class=\"elementor-widget-wrap\">\n\t\t\t\t\t\t<div class=\"elementor-element elementor-element-7e01b452 elementor-widget elementor-widget-text-editor\" data-id=\"7e01b452\" data-element_type=\"widget\" data-widget_type=\"text-editor.default\">\n\t\t\t\t<div class=\"elementor-widget-container\">\n\t\t\t\t\t<div class=\"elementor-text-editor elementor-clearfix\"><\/div>\n\t\t\t\t<\/div>\n\t\t\t\t<\/div>\n\t\t\t\t<div class=\"elementor-element elementor-element-62f31908 elementor-widget elementor-widget-heading\" data-id=\"62f31908\" data-element_type=\"widget\" data-widget_type=\"heading.default\">\n\t\t\t\t<div class=\"elementor-widget-container\">\n\t\t\t<h3 class=\"elementor-heading-title elementor-size-default\">heLena  candeLas<\/h3>\t\t<\/div>\n\t\t\t\t<\/div>\n\t\t\t\t<div class=\"elementor-element elementor-element-33a5030b elementor-widget elementor-widget-image\" data-id=\"33a5030b\" data-element_type=\"widget\" data-widget_type=\"image.default\">\n\t\t\t\t<div class=\"elementor-widget-container\">\n\t\t\t\t\t<div class=\"elementor-image\">\n\t\t\t\t\t\t\t\t\t\t<img loading=\"lazy\" decoding=\"async\" width=\"1113\" height=\"1298\" src=\"https:\/\/www.helenacandelas.com\/wp-content\/uploads\/2020\/11\/IMG-20200307-WA0037.jpg\" class=\"elementor-animation-grow attachment-1536x1536 size-1536x1536\" alt=\"\" srcset=\"https:\/\/www.helenacandelas.com\/wp-content\/uploads\/2020\/11\/IMG-20200307-WA0037.jpg 1113w, https:\/\/www.helenacandelas.com\/wp-content\/uploads\/2020\/11\/IMG-20200307-WA0037-600x700.jpg 600w, https:\/\/www.helenacandelas.com\/wp-content\/uploads\/2020\/11\/IMG-20200307-WA0037-257x300.jpg 257w, https:\/\/www.helenacandelas.com\/wp-content\/uploads\/2020\/11\/IMG-20200307-WA0037-878x1024.jpg 878w, https:\/\/www.helenacandelas.com\/wp-content\/uploads\/2020\/11\/IMG-20200307-WA0037-768x896.jpg 768w\" sizes=\"auto, (max-width: 1113px) 100vw, 1113px\" \/>\t\t\t\t\t\t\t\t\t\t\t<\/div>\n\t\t\t\t<\/div>\n\t\t\t\t<\/div>\n\t\t\t\t\t\t<\/div>\n\t\t\t\t\t<\/div>\n\t\t<\/div>\n\t\t\t\t<div class=\"elementor-column elementor-col-66 elementor-top-column elementor-element elementor-element-ad302b8\" data-id=\"ad302b8\" data-element_type=\"column\">\n\t\t\t<div class=\"elementor-column-wrap elementor-element-populated\">\n\t\t\t\t\t\t\t<div class=\"elementor-widget-wrap\">\n\t\t\t\t\t\t<div class=\"elementor-element elementor-element-603e1f48 elementor-widget elementor-widget-image\" data-id=\"603e1f48\" data-element_type=\"widget\" data-widget_type=\"image.default\">\n\t\t\t\t<div class=\"elementor-widget-container\">\n\t\t\t\t\t<div class=\"elementor-image\">\n\t\t\t\t\t\t\t\t\t\t<img loading=\"lazy\" decoding=\"async\" width=\"1024\" height=\"821\" src=\"https:\/\/www.helenacandelas.com\/wp-content\/uploads\/2020\/11\/IMG-20200307-WA0036-1024x821.jpg\" class=\"elementor-animation-grow attachment-large size-large\" alt=\"\" srcset=\"https:\/\/www.helenacandelas.com\/wp-content\/uploads\/2020\/11\/IMG-20200307-WA0036-1024x821.jpg 1024w, https:\/\/www.helenacandelas.com\/wp-content\/uploads\/2020\/11\/IMG-20200307-WA0036-600x481.jpg 600w, https:\/\/www.helenacandelas.com\/wp-content\/uploads\/2020\/11\/IMG-20200307-WA0036-300x240.jpg 300w, https:\/\/www.helenacandelas.com\/wp-content\/uploads\/2020\/11\/IMG-20200307-WA0036-768x616.jpg 768w, https:\/\/www.helenacandelas.com\/wp-content\/uploads\/2020\/11\/IMG-20200307-WA0036.jpg 1396w\" sizes=\"auto, (max-width: 1024px) 100vw, 1024px\" \/>\t\t\t\t\t\t\t\t\t\t\t<\/div>\n\t\t\t\t<\/div>\n\t\t\t\t<\/div>\n\t\t\t\t<div class=\"elementor-element elementor-element-754584e elementor-widget elementor-widget-text-editor\" data-id=\"754584e\" data-element_type=\"widget\" data-widget_type=\"text-editor.default\">\n\t\t\t\t<div class=\"elementor-widget-container\">\n\t\t\t\t\t<div class=\"elementor-text-editor elementor-clearfix\"><p>Artista polifac\u00e9tica emplazada e<span style=\"font-size: 15px; font-family: var( --e-global-typography-text-font-family ), Sans-serif;\">n un mundo donde la conciencia\u00a0<\/span><span style=\"font-size: 15px; font-style: normal; font-weight: 300; font-family: var( --e-global-typography-text-font-family ), Sans-serif;\">social<\/span><span style=\"font-size: 15px; font-style: normal; font-weight: 300; font-family: var( --e-global-typography-text-font-family ), Sans-serif;\">\u00a0y\u00a0<\/span><span style=\"font-family: var( --e-global-typography-text-font-family ), Sans-serif; font-size: 15px;\">ecol\u00f3gica es cada vez m\u00e1s importante, Helena Candelas se destaca como artista de joyer\u00eda contempor\u00e1nea sostenible. Utiliza materiales y t\u00e9cnicas que minimizan el impacto en el medio ambiente, desde el origen responsable de los metales y piedras preciosas, hasta el uso de materiales reciclados y reutilizados.<\/span><\/p><p>Cada joya de Helena tiene un mensaje protesta, es social o cuenta una historia. Sus dise\u00f1os innovadores y contempor\u00e1neos reflejan su visi\u00f3n \u00fanica del mundo. Siendo tambi\u00e9n orfebre y escultora, su trabajo se caracteriza por la experimentaci\u00f3n, los contrastes y el acercamiento de la joyer\u00eda a la obra de arte.<\/p><p>Juntos, podemos contribuir a un futuro m\u00e1s brillante y sostenible. \u00a1Bienvenidos a la joyer\u00eda responsable y consciente!<\/p><p>\u00a0<\/p><\/div>\n\t\t\t\t<\/div>\n\t\t\t\t<\/div>\n\t\t\t\t<div class=\"elementor-element elementor-element-2e3ab29f elementor-widget elementor-widget-image\" data-id=\"2e3ab29f\" data-element_type=\"widget\" data-widget_type=\"image.default\">\n\t\t\t\t<div class=\"elementor-widget-container\">\n\t\t\t\t\t<div class=\"elementor-image\">\n\t\t\t\t\t\t\t\t\t\t<img loading=\"lazy\" decoding=\"async\" width=\"1024\" height=\"808\" src=\"https:\/\/www.helenacandelas.com\/wp-content\/uploads\/2020\/11\/IMG-20200307-WA0038-1024x808.jpg\" class=\"elementor-animation-grow attachment-large size-large\" alt=\"\" srcset=\"https:\/\/www.helenacandelas.com\/wp-content\/uploads\/2020\/11\/IMG-20200307-WA0038-1024x808.jpg 1024w, https:\/\/www.helenacandelas.com\/wp-content\/uploads\/2020\/11\/IMG-20200307-WA0038-600x473.jpg 600w, https:\/\/www.helenacandelas.com\/wp-content\/uploads\/2020\/11\/IMG-20200307-WA0038-300x237.jpg 300w, https:\/\/www.helenacandelas.com\/wp-content\/uploads\/2020\/11\/IMG-20200307-WA0038-768x606.jpg 768w, https:\/\/www.helenacandelas.com\/wp-content\/uploads\/2020\/11\/IMG-20200307-WA0038.jpg 1432w\" sizes=\"auto, (max-width: 1024px) 100vw, 1024px\" \/>\t\t\t\t\t\t\t\t\t\t\t<\/div>\n\t\t\t\t<\/div>\n\t\t\t\t<\/div>\n\t\t\t\t\t\t<\/div>\n\t\t\t\t\t<\/div>\n\t\t<\/div>\n\t\t\t\t<div class=\"elementor-column elementor-col-16 elementor-top-column elementor-element elementor-element-30a700a2\" data-id=\"30a700a2\" data-element_type=\"column\">\n\t\t\t<div class=\"elementor-column-wrap\">\n\t\t\t\t\t\t\t<div class=\"elementor-widget-wrap\">\n\t\t\t\t\t\t\t\t<\/div>\n\t\t\t\t\t<\/div>\n\t\t<\/div>\n\t\t\t\t\t\t\t\t<\/div>\n\t\t\t\t\t<\/div>\n\t\t<\/section>\n\t\t\t\t\t\t<\/div>\n\t\t\t\t\t\t<\/div>\n\t\t\t\t\t<\/div>\n\t\t<!-- AddThis Advanced Settings generic via filter on the_content --><!-- AddThis Share Buttons generic via filter on the_content -->","protected":false},"excerpt":{"rendered":"<p>heLena candeLas Artista polifac\u00e9tica emplazada en un mundo donde la conciencia\u00a0social\u00a0y\u00a0ecol\u00f3gica es cada vez m\u00e1s importante, Helena Candelas se destaca como artista de joyer\u00eda contempor\u00e1nea sostenible. Utiliza materiales y t\u00e9cnicas que minimizan el impacto en el medio ambiente, desde el origen responsable de los metales y piedras preciosas, hasta el uso de materiales reciclados y [&hellip;]<!-- AddThis Advanced Settings generic via filter on get_the_excerpt --><!-- AddThis Share Buttons generic via filter on get_the_excerpt --><\/p>\n","protected":false},"author":1,"featured_media":0,"parent":0,"menu_order":0,"comment_status":"closed","ping_status":"closed","template":"","meta":{"site-sidebar-layout":"default","site-content-layout":"default","ast-site-content-layout":"","site-content-style":"default","site-sidebar-style":"default","ast-global-header-display":"","ast-banner-title-visibility":"","ast-main-header-display":"","ast-hfb-above-header-display":"","ast-hfb-below-header-display":"","ast-hfb-mobile-header-display":"","site-post-title":"","ast-breadcrumbs-content":"","ast-featured-img":"","footer-sml-layout":"","theme-transparent-header-meta":"default","adv-header-id-meta":"","stick-header-meta":"","header-above-stick-meta":"","header-main-stick-meta":"","header-below-stick-meta":"","astra-migrate-meta-layouts":"default","ast-page-background-enabled":"default","ast-page-background-meta":{"desktop":{"background-color":"var(--ast-global-color-4)","background-image":"","background-repeat":"repeat","background-position":"center center","background-size":"auto","background-attachment":"scroll","background-type":"","background-media":"","overlay-type":"","overlay-color":"","overlay-opacity":"","overlay-gradient":""},"tablet":{"background-color":"","background-image":"","background-repeat":"repeat","background-position":"center center","background-size":"auto","background-attachment":"scroll","background-type":"","background-media":"","overlay-type":"","overlay-color":"","overlay-opacity":"","overlay-gradient":""},"mobile":{"background-color":"","background-image":"","background-repeat":"repeat","background-position":"center center","background-size":"auto","background-attachment":"scroll","background-type":"","background-media":"","overlay-type":"","overlay-color":"","overlay-opacity":"","overlay-gradient":""}},"ast-content-background-meta":{"desktop":{"background-color":"var(--ast-global-color-5)","background-image":"","background-repeat":"repeat","background-position":"center center","background-size":"auto","background-attachment":"scroll","background-type":"","background-media":"","overlay-type":"","overlay-color":"","overlay-opacity":"","overlay-gradient":""},"tablet":{"background-color":"var(--ast-global-color-5)","background-image":"","background-repeat":"repeat","background-position":"center center","background-size":"auto","background-attachment":"scroll","background-type":"","background-media":"","overlay-type":"","overlay-color":"","overlay-opacity":"","overlay-gradient":""},"mobile":{"background-color":"var(--ast-global-color-5)","background-image":"","background-repeat":"repeat","background-position":"center center","background-size":"auto","background-attachment":"scroll","background-type":"","background-media":"","overlay-type":"","overlay-color":"","overlay-opacity":"","overlay-gradient":""}},"footnotes":""},"class_list":["post-13","page","type-page","status-publish","hentry"],"yoast_head":"<!-- This site is optimized with the Yoast SEO plugin v15.2 - https:\/\/yoast.com\/wordpress\/plugins\/seo\/ -->\n<title>La Artista - helena candelas<\/title>\n<meta name=\"description\" content=\"heLena candeLas Artista polifac\u00e9tica emplazada en un mundo donde la conciencia\u00a0social\u00a0y\u00a0ecol\u00f3gica es cada vez m\u00e1s importante, Helena Candelas se destaca\" \/>\n<meta name=\"robots\" content=\"index, follow, max-snippet:-1, max-image-preview:large, max-video-preview:-1\" \/>\n<link rel=\"canonical\" href=\"https:\/\/www.helenacandelas.com\/index.php\/la-artista\/\" \/>\n<meta property=\"og:locale\" content=\"es_ES\" \/>\n<meta property=\"og:type\" content=\"article\" \/>\n<meta property=\"og:title\" content=\"La Artista - helena candelas\" \/>\n<meta property=\"og:description\" content=\"heLena candeLas Artista polifac\u00e9tica emplazada en un mundo donde la conciencia\u00a0social\u00a0y\u00a0ecol\u00f3gica es cada vez m\u00e1s importante, Helena Candelas se destaca\" \/>\n<meta property=\"og:url\" content=\"https:\/\/www.helenacandelas.com\/index.php\/la-artista\/\" \/>\n<meta property=\"og:site_name\" content=\"helena candelas\" \/>\n<meta property=\"article:modified_time\" content=\"2023-07-10T21:31:28+00:00\" \/>\n<meta property=\"og:image\" content=\"https:\/\/www.helenacandelas.com\/wp-content\/uploads\/2020\/11\/IMG-20200307-WA0037.jpg\" \/>\n<meta name=\"twitter:card\" content=\"summary_large_image\" \/>\n<meta name=\"twitter:label1\" value=\"Escrito por\">\n\t<meta name=\"twitter:data1\" value=\"admin\">\n\t<meta name=\"twitter:label2\" value=\"Tiempo de lectura\">\n\t<meta name=\"twitter:data2\" value=\"1 minuto\">\n<script type=\"application\/ld+json\" class=\"yoast-schema-graph\">{\"@context\":\"https:\/\/schema.org\",\"@graph\":[{\"@type\":\"WebSite\",\"@id\":\"https:\/\/www.helenacandelas.com\/#website\",\"url\":\"https:\/\/www.helenacandelas.com\/\",\"name\":\"helena candelas\",\"description\":\"Artista  contempor&aacute;nea\",\"potentialAction\":[{\"@type\":\"SearchAction\",\"target\":\"https:\/\/www.helenacandelas.com\/?s={search_term_string}\",\"query-input\":\"required name=search_term_string\"}],\"inLanguage\":\"es\"},{\"@type\":\"ImageObject\",\"@id\":\"https:\/\/www.helenacandelas.com\/index.php\/la-artista\/#primaryimage\",\"inLanguage\":\"es\",\"url\":\"https:\/\/www.helenacandelas.com\/wp-content\/uploads\/2020\/11\/IMG-20200307-WA0037.jpg\",\"width\":1113,\"height\":1298},{\"@type\":\"WebPage\",\"@id\":\"https:\/\/www.helenacandelas.com\/index.php\/la-artista\/#webpage\",\"url\":\"https:\/\/www.helenacandelas.com\/index.php\/la-artista\/\",\"name\":\"La Artista - helena candelas\",\"isPartOf\":{\"@id\":\"https:\/\/www.helenacandelas.com\/#website\"},\"primaryImageOfPage\":{\"@id\":\"https:\/\/www.helenacandelas.com\/index.php\/la-artista\/#primaryimage\"},\"datePublished\":\"2020-10-25T13:39:48+00:00\",\"dateModified\":\"2023-07-10T21:31:28+00:00\",\"description\":\"heLena candeLas Artista polifac\\u00e9tica emplazada en un mundo donde la conciencia\\u00a0social\\u00a0y\\u00a0ecol\\u00f3gica es cada vez m\\u00e1s importante, Helena Candelas se destaca\",\"inLanguage\":\"es\",\"potentialAction\":[{\"@type\":\"ReadAction\",\"target\":[\"https:\/\/www.helenacandelas.com\/index.php\/la-artista\/\"]}]}]}<\/script>\n<!-- \/ Yoast SEO plugin. -->","_links":{"self":[{"href":"https:\/\/www.helenacandelas.com\/index.php\/wp-json\/wp\/v2\/pages\/13","targetHints":{"allow":["GET"]}}],"collection":[{"href":"https:\/\/www.helenacandelas.com\/index.php\/wp-json\/wp\/v2\/pages"}],"about":[{"href":"https:\/\/www.helenacandelas.com\/index.php\/wp-json\/wp\/v2\/types\/page"}],"author":[{"embeddable":true,"href":"https:\/\/www.helenacandelas.com\/index.php\/wp-json\/wp\/v2\/users\/1"}],"replies":[{"embeddable":true,"href":"https:\/\/www.helenacandelas.com\/index.php\/wp-json\/wp\/v2\/comments?post=13"}],"version-history":[{"count":13,"href":"https:\/\/www.helenacandelas.com\/index.php\/wp-json\/wp\/v2\/pages\/13\/revisions"}],"predecessor-version":[{"id":408,"href":"https:\/\/www.helenacandelas.com\/index.php\/wp-json\/wp\/v2\/pages\/13\/revisions\/408"}],"wp:attachment":[{"href":"https:\/\/www.helenacandelas.com\/index.php\/wp-json\/wp\/v2\/media?parent=13"}],"curies":[{"name":"wp","href":"https:\/\/api.w.org\/{rel}","templated":true}]}}