{"id":196,"date":"2020-11-01T23:31:19","date_gmt":"2020-11-01T23:31:19","guid":{"rendered":"https:\/\/www.helenacandelas.com\/?post_type=product&#038;p=196"},"modified":"2024-09-11T13:45:14","modified_gmt":"2024-09-11T13:45:14","slug":"anillo-puente-ting-kau-de-hong-kong","status":"publish","type":"product","link":"https:\/\/www.helenacandelas.com\/index.php\/producto\/anillo-puente-ting-kau-de-hong-kong\/","title":{"rendered":"Anillo Puente Ting Kau de Hong Kong"},"content":{"rendered":"<!-- AddThis Advanced Settings generic via filter on the_content --><!-- AddThis Share Buttons generic via filter on the_content -->","protected":false},"excerpt":{"rendered":"<p class=\"font_8\">Puene Tinng Kau con forma geom\u00e9trica ascendente realizado en plata de ley.<\/p>\n<p class=\"font_8\">Acabado satinado con sensaci\u00f3n de nacarado. Pieza \u00fanica.<\/p>\n<p><!-- AddThis Advanced Settings generic via filter on get_the_excerpt --><!-- AddThis Share Buttons generic via filter on get_the_excerpt --><\/p>\n","protected":false},"featured_media":76,"comment_status":"open","ping_status":"closed","template":"","meta":{"site-sidebar-layout":"default","site-content-layout":"default","ast-site-content-layout":"","site-content-style":"default","site-sidebar-style":"default","ast-global-header-display":"","ast-banner-title-visibility":"","ast-main-header-display":"","ast-hfb-above-header-display":"","ast-hfb-below-header-display":"","ast-hfb-mobile-header-display":"","site-post-title":"","ast-breadcrumbs-content":"","ast-featured-img":"","footer-sml-layout":"","theme-transparent-header-meta":"default","adv-header-id-meta":"","stick-header-meta":"","header-above-stick-meta":"","header-main-stick-meta":"","header-below-stick-meta":"","astra-migrate-meta-layouts":"default","ast-page-background-enabled":"default","ast-page-background-meta":{"desktop":{"background-color":"var(--ast-global-color-4)","background-image":"","background-repeat":"repeat","background-position":"center center","background-size":"auto","background-attachment":"scroll","background-type":"","background-media":"","overlay-type":"","overlay-color":"","overlay-opacity":"","overlay-gradient":""},"tablet":{"background-color":"","background-image":"","background-repeat":"repeat","background-position":"center center","background-size":"auto","background-attachment":"scroll","background-type":"","background-media":"","overlay-type":"","overlay-color":"","overlay-opacity":"","overlay-gradient":""},"mobile":{"background-color":"","background-image":"","background-repeat":"repeat","background-position":"center center","background-size":"auto","background-attachment":"scroll","background-type":"","background-media":"","overlay-type":"","overlay-color":"","overlay-opacity":"","overlay-gradient":""}},"ast-content-background-meta":{"desktop":{"background-color":"var(--ast-global-color-5)","background-image":"","background-repeat":"repeat","background-position":"center center","background-size":"auto","background-attachment":"scroll","background-type":"","background-media":"","overlay-type":"","overlay-color":"","overlay-opacity":"","overlay-gradient":""},"tablet":{"background-color":"var(--ast-global-color-5)","background-image":"","background-repeat":"repeat","background-position":"center center","background-size":"auto","background-attachment":"scroll","background-type":"","background-media":"","overlay-type":"","overlay-color":"","overlay-opacity":"","overlay-gradient":""},"mobile":{"background-color":"var(--ast-global-color-5)","background-image":"","background-repeat":"repeat","background-position":"center center","background-size":"auto","background-attachment":"scroll","background-type":"","background-media":"","overlay-type":"","overlay-color":"","overlay-opacity":"","overlay-gradient":""}}},"class_list":["post-196","product","type-product","status-publish","has-post-thumbnail","hentry","product_cat-sin-categorizar","desktop-align-left","tablet-align-left","mobile-align-left"],"yoast_head":"<!-- This site is optimized with the Yoast SEO plugin v15.2 - https:\/\/yoast.com\/wordpress\/plugins\/seo\/ -->\n<title>Anillo Puente Ting Kau de Hong Kong - helena candelas<\/title>\n<meta name=\"robots\" content=\"index, follow, max-snippet:-1, max-image-preview:large, max-video-preview:-1\" \/>\n<link rel=\"canonical\" href=\"https:\/\/www.helenacandelas.com\/index.php\/producto\/anillo-puente-ting-kau-de-hong-kong\/\" \/>\n<meta property=\"og:locale\" content=\"es_ES\" \/>\n<meta property=\"og:type\" content=\"article\" \/>\n<meta property=\"og:title\" content=\"Anillo Puente Ting Kau de Hong Kong - helena candelas\" \/>\n<meta property=\"og:description\" content=\"Puene Tinng Kau con forma geom\u00e9trica ascendente realizado en plata de ley. Acabado satinado con sensaci\u00f3n de nacarado. Pieza \u00fanica.\" \/>\n<meta property=\"og:url\" content=\"https:\/\/www.helenacandelas.com\/index.php\/producto\/anillo-puente-ting-kau-de-hong-kong\/\" \/>\n<meta property=\"og:site_name\" content=\"helena candelas\" \/>\n<meta property=\"article:modified_time\" content=\"2024-09-11T13:45:14+00:00\" \/>\n<meta property=\"og:image\" content=\"https:\/\/www.helenacandelas.com\/wp-content\/uploads\/2020\/10\/anillo-lijado.jpg\" \/>\n\t<meta property=\"og:image:width\" content=\"1800\" \/>\n\t<meta property=\"og:image:height\" content=\"2501\" \/>\n<meta name=\"twitter:card\" content=\"summary_large_image\" \/>\n<meta name=\"twitter:label1\" value=\"Escrito por\">\n\t<meta name=\"twitter:data1\" value=\"admin\">\n<script type=\"application\/ld+json\" class=\"yoast-schema-graph\">{\"@context\":\"https:\/\/schema.org\",\"@graph\":[{\"@type\":\"WebSite\",\"@id\":\"https:\/\/www.helenacandelas.com\/#website\",\"url\":\"https:\/\/www.helenacandelas.com\/\",\"name\":\"helena candelas\",\"description\":\"Artista  contempor&aacute;nea\",\"potentialAction\":[{\"@type\":\"SearchAction\",\"target\":\"https:\/\/www.helenacandelas.com\/?s={search_term_string}\",\"query-input\":\"required name=search_term_string\"}],\"inLanguage\":\"es\"},{\"@type\":\"ImageObject\",\"@id\":\"https:\/\/www.helenacandelas.com\/index.php\/producto\/anillo-puente-ting-kau-de-hong-kong\/#primaryimage\",\"inLanguage\":\"es\",\"url\":\"https:\/\/www.helenacandelas.com\/wp-content\/uploads\/2020\/10\/anillo-lijado.jpg\",\"width\":1800,\"height\":2501},{\"@type\":\"WebPage\",\"@id\":\"https:\/\/www.helenacandelas.com\/index.php\/producto\/anillo-puente-ting-kau-de-hong-kong\/#webpage\",\"url\":\"https:\/\/www.helenacandelas.com\/index.php\/producto\/anillo-puente-ting-kau-de-hong-kong\/\",\"name\":\"Anillo Puente Ting Kau de Hong Kong - helena candelas\",\"isPartOf\":{\"@id\":\"https:\/\/www.helenacandelas.com\/#website\"},\"primaryImageOfPage\":{\"@id\":\"https:\/\/www.helenacandelas.com\/index.php\/producto\/anillo-puente-ting-kau-de-hong-kong\/#primaryimage\"},\"datePublished\":\"2020-11-01T23:31:19+00:00\",\"dateModified\":\"2024-09-11T13:45:14+00:00\",\"inLanguage\":\"es\",\"potentialAction\":[{\"@type\":\"ReadAction\",\"target\":[\"https:\/\/www.helenacandelas.com\/index.php\/producto\/anillo-puente-ting-kau-de-hong-kong\/\"]}]}]}<\/script>\n<!-- \/ Yoast SEO plugin. -->","_links":{"self":[{"href":"https:\/\/www.helenacandelas.com\/index.php\/wp-json\/wp\/v2\/product\/196","targetHints":{"allow":["GET"]}}],"collection":[{"href":"https:\/\/www.helenacandelas.com\/index.php\/wp-json\/wp\/v2\/product"}],"about":[{"href":"https:\/\/www.helenacandelas.com\/index.php\/wp-json\/wp\/v2\/types\/product"}],"replies":[{"embeddable":true,"href":"https:\/\/www.helenacandelas.com\/index.php\/wp-json\/wp\/v2\/comments?post=196"}],"wp:featuredmedia":[{"embeddable":true,"href":"https:\/\/www.helenacandelas.com\/index.php\/wp-json\/wp\/v2\/media\/76"}],"wp:attachment":[{"href":"https:\/\/www.helenacandelas.com\/index.php\/wp-json\/wp\/v2\/media?parent=196"}],"curies":[{"name":"wp","href":"https:\/\/api.w.org\/{rel}","templated":true}]}}