{"id":275,"date":"2020-11-17T16:47:29","date_gmt":"2020-11-17T16:47:29","guid":{"rendered":"https:\/\/www.helenacandelas.com\/?post_type=product&#038;p=275"},"modified":"2024-07-19T06:15:30","modified_gmt":"2024-07-19T06:15:30","slug":"gargantilla-de-plata-con-cuarzo-rosa","status":"publish","type":"product","link":"https:\/\/www.helenacandelas.com\/index.php\/producto\/gargantilla-de-plata-con-cuarzo-rosa\/","title":{"rendered":"Gargantilla de plata con cuarzo rosa \u00c1ngel Ca\u00eddo"},"content":{"rendered":"<p>Gargantilla\u00a0 de plata con piedra de cuarzo rosa facetado<\/p>\n<!-- AddThis Advanced Settings generic via filter on the_content --><!-- AddThis Share Buttons generic via filter on the_content -->","protected":false},"excerpt":{"rendered":"<p>Gargantilla de plata con cuarzo rosa facetado, colgante tallado a mano, pieza \u00fanica.<!-- AddThis Advanced Settings generic via filter on get_the_excerpt --><!-- AddThis Share Buttons generic via filter on get_the_excerpt --><\/p>\n","protected":false},"featured_media":247,"comment_status":"open","ping_status":"closed","template":"","meta":{"site-sidebar-layout":"default","site-content-layout":"default","ast-site-content-layout":"","site-content-style":"default","site-sidebar-style":"default","ast-global-header-display":"","ast-banner-title-visibility":"","ast-main-header-display":"","ast-hfb-above-header-display":"","ast-hfb-below-header-display":"","ast-hfb-mobile-header-display":"","site-post-title":"","ast-breadcrumbs-content":"","ast-featured-img":"","footer-sml-layout":"","theme-transparent-header-meta":"default","adv-header-id-meta":"","stick-header-meta":"","header-above-stick-meta":"","header-main-stick-meta":"","header-below-stick-meta":"","astra-migrate-meta-layouts":"default","ast-page-background-enabled":"default","ast-page-background-meta":{"desktop":{"background-color":"var(--ast-global-color-4)","background-image":"","background-repeat":"repeat","background-position":"center center","background-size":"auto","background-attachment":"scroll","background-type":"","background-media":"","overlay-type":"","overlay-color":"","overlay-opacity":"","overlay-gradient":""},"tablet":{"background-color":"","background-image":"","background-repeat":"repeat","background-position":"center center","background-size":"auto","background-attachment":"scroll","background-type":"","background-media":"","overlay-type":"","overlay-color":"","overlay-opacity":"","overlay-gradient":""},"mobile":{"background-color":"","background-image":"","background-repeat":"repeat","background-position":"center center","background-size":"auto","background-attachment":"scroll","background-type":"","background-media":"","overlay-type":"","overlay-color":"","overlay-opacity":"","overlay-gradient":""}},"ast-content-background-meta":{"desktop":{"background-color":"var(--ast-global-color-5)","background-image":"","background-repeat":"repeat","background-position":"center center","background-size":"auto","background-attachment":"scroll","background-type":"","background-media":"","overlay-type":"","overlay-color":"","overlay-opacity":"","overlay-gradient":""},"tablet":{"background-color":"var(--ast-global-color-5)","background-image":"","background-repeat":"repeat","background-position":"center center","background-size":"auto","background-attachment":"scroll","background-type":"","background-media":"","overlay-type":"","overlay-color":"","overlay-opacity":"","overlay-gradient":""},"mobile":{"background-color":"var(--ast-global-color-5)","background-image":"","background-repeat":"repeat","background-position":"center center","background-size":"auto","background-attachment":"scroll","background-type":"","background-media":"","overlay-type":"","overlay-color":"","overlay-opacity":"","overlay-gradient":""}}},"class_list":["post-275","product","type-product","status-publish","has-post-thumbnail","hentry","product_cat-sin-categorizar","desktop-align-left","tablet-align-left","mobile-align-left"],"yoast_head":"<!-- This site is optimized with the Yoast SEO plugin v15.2 - https:\/\/yoast.com\/wordpress\/plugins\/seo\/ -->\n<title>Gargantilla de plata con cuarzo rosa \u00c1ngel Ca\u00eddo - helena candelas<\/title>\n<meta name=\"description\" content=\"Destaca con una gargantilla de plata con cuarzo rosa, al mejor estilo art\u00edstico, disfruta de un accesorio \u00fanico que te har\u00e1 lucir genial \ud83d\ude0e\" \/>\n<meta name=\"robots\" content=\"index, follow, max-snippet:-1, max-image-preview:large, max-video-preview:-1\" \/>\n<link rel=\"canonical\" href=\"https:\/\/www.helenacandelas.com\/index.php\/producto\/gargantilla-de-plata-con-cuarzo-rosa\/\" \/>\n<meta property=\"og:locale\" content=\"es_ES\" \/>\n<meta property=\"og:type\" content=\"article\" \/>\n<meta property=\"og:title\" content=\"Gargantilla de plata con cuarzo rosa \u00c1ngel Ca\u00eddo - helena candelas\" \/>\n<meta property=\"og:description\" content=\"Destaca con una gargantilla de plata con cuarzo rosa, al mejor estilo art\u00edstico, disfruta de un accesorio \u00fanico que te har\u00e1 lucir genial \ud83d\ude0e\" \/>\n<meta property=\"og:url\" content=\"https:\/\/www.helenacandelas.com\/index.php\/producto\/gargantilla-de-plata-con-cuarzo-rosa\/\" \/>\n<meta property=\"og:site_name\" content=\"helena candelas\" \/>\n<meta property=\"article:modified_time\" content=\"2024-07-19T06:15:30+00:00\" \/>\n<meta property=\"og:image\" content=\"https:\/\/www.helenacandelas.com\/wp-content\/uploads\/2020\/11\/OI000420.jpg\" \/>\n\t<meta property=\"og:image:width\" content=\"1024\" \/>\n\t<meta property=\"og:image:height\" content=\"768\" \/>\n<meta name=\"twitter:card\" content=\"summary_large_image\" \/>\n<meta name=\"twitter:label1\" value=\"Escrito por\">\n\t<meta name=\"twitter:data1\" value=\"admin\">\n\t<meta name=\"twitter:label2\" value=\"Tiempo de lectura\">\n\t<meta name=\"twitter:data2\" value=\"0 minutos\">\n<script type=\"application\/ld+json\" class=\"yoast-schema-graph\">{\"@context\":\"https:\/\/schema.org\",\"@graph\":[{\"@type\":\"WebSite\",\"@id\":\"https:\/\/www.helenacandelas.com\/#website\",\"url\":\"https:\/\/www.helenacandelas.com\/\",\"name\":\"helena candelas\",\"description\":\"Artista  contempor&aacute;nea\",\"potentialAction\":[{\"@type\":\"SearchAction\",\"target\":\"https:\/\/www.helenacandelas.com\/?s={search_term_string}\",\"query-input\":\"required name=search_term_string\"}],\"inLanguage\":\"es\"},{\"@type\":\"ImageObject\",\"@id\":\"https:\/\/www.helenacandelas.com\/index.php\/producto\/gargantilla-de-plata-con-cuarzo-rosa\/#primaryimage\",\"inLanguage\":\"es\",\"url\":\"https:\/\/www.helenacandelas.com\/wp-content\/uploads\/2020\/11\/OI000420.jpg\",\"width\":1024,\"height\":768},{\"@type\":\"WebPage\",\"@id\":\"https:\/\/www.helenacandelas.com\/index.php\/producto\/gargantilla-de-plata-con-cuarzo-rosa\/#webpage\",\"url\":\"https:\/\/www.helenacandelas.com\/index.php\/producto\/gargantilla-de-plata-con-cuarzo-rosa\/\",\"name\":\"Gargantilla de plata con cuarzo rosa \\u00c1ngel Ca\\u00eddo - helena candelas\",\"isPartOf\":{\"@id\":\"https:\/\/www.helenacandelas.com\/#website\"},\"primaryImageOfPage\":{\"@id\":\"https:\/\/www.helenacandelas.com\/index.php\/producto\/gargantilla-de-plata-con-cuarzo-rosa\/#primaryimage\"},\"datePublished\":\"2020-11-17T16:47:29+00:00\",\"dateModified\":\"2024-07-19T06:15:30+00:00\",\"description\":\"Destaca con una gargantilla de plata con cuarzo rosa, al mejor estilo art\\u00edstico, disfruta de un accesorio \\u00fanico que te har\\u00e1 lucir genial \\ud83d\\ude0e\",\"inLanguage\":\"es\",\"potentialAction\":[{\"@type\":\"ReadAction\",\"target\":[\"https:\/\/www.helenacandelas.com\/index.php\/producto\/gargantilla-de-plata-con-cuarzo-rosa\/\"]}]}]}<\/script>\n<!-- \/ Yoast SEO plugin. -->","_links":{"self":[{"href":"https:\/\/www.helenacandelas.com\/index.php\/wp-json\/wp\/v2\/product\/275","targetHints":{"allow":["GET"]}}],"collection":[{"href":"https:\/\/www.helenacandelas.com\/index.php\/wp-json\/wp\/v2\/product"}],"about":[{"href":"https:\/\/www.helenacandelas.com\/index.php\/wp-json\/wp\/v2\/types\/product"}],"replies":[{"embeddable":true,"href":"https:\/\/www.helenacandelas.com\/index.php\/wp-json\/wp\/v2\/comments?post=275"}],"wp:featuredmedia":[{"embeddable":true,"href":"https:\/\/www.helenacandelas.com\/index.php\/wp-json\/wp\/v2\/media\/247"}],"wp:attachment":[{"href":"https:\/\/www.helenacandelas.com\/index.php\/wp-json\/wp\/v2\/media?parent=275"}],"curies":[{"name":"wp","href":"https:\/\/api.w.org\/{rel}","templated":true}]}}