{"id":458,"date":"2023-10-11T20:11:21","date_gmt":"2023-10-11T20:11:21","guid":{"rendered":"https:\/\/www.helenacandelas.com\/?post_type=product&#038;p=458"},"modified":"2024-06-29T21:21:30","modified_gmt":"2024-06-29T21:21:30","slug":"beloved-nipple-amado-pezon","status":"publish","type":"product","link":"https:\/\/www.helenacandelas.com\/index.php\/producto\/beloved-nipple-amado-pezon\/","title":{"rendered":"Beloved nipple. Amado pez\u00f3n"},"content":{"rendered":"<p><img loading=\"lazy\" decoding=\"async\" class=\"alignnone size-medium wp-image-388\" src=\"https:\/\/www.helenacandelas.com\/wp-content\/uploads\/2023\/02\/pezon-plata-300x135.png\" alt=\"\" width=\"300\" height=\"135\" srcset=\"https:\/\/www.helenacandelas.com\/wp-content\/uploads\/2023\/02\/pezon-plata-300x135.png 300w, https:\/\/www.helenacandelas.com\/wp-content\/uploads\/2023\/02\/pezon-plata.png 567w\" sizes=\"auto, (max-width: 300px) 100vw, 300px\" \/><\/p>\n<!-- AddThis Advanced Settings generic via filter on the_content --><!-- AddThis Share Buttons generic via filter on the_content -->","protected":false},"excerpt":{"rendered":"<p>Pieza \u00fanica realizada plata de ley 9,25 con t\u00e9cnica mixta de fundici\u00f3n y taller a partir de molde personal de alginato.<!-- AddThis Advanced Settings generic via filter on get_the_excerpt --><!-- AddThis Share Buttons generic via filter on get_the_excerpt --><\/p>\n","protected":false},"featured_media":388,"comment_status":"open","ping_status":"closed","template":"","meta":{"site-sidebar-layout":"default","site-content-layout":"default","ast-site-content-layout":"","site-content-style":"default","site-sidebar-style":"default","ast-global-header-display":"","ast-banner-title-visibility":"","ast-main-header-display":"","ast-hfb-above-header-display":"","ast-hfb-below-header-display":"","ast-hfb-mobile-header-display":"","site-post-title":"","ast-breadcrumbs-content":"","ast-featured-img":"","footer-sml-layout":"","theme-transparent-header-meta":"default","adv-header-id-meta":"","stick-header-meta":"","header-above-stick-meta":"","header-main-stick-meta":"","header-below-stick-meta":"","astra-migrate-meta-layouts":"default","ast-page-background-enabled":"default","ast-page-background-meta":{"desktop":{"background-color":"var(--ast-global-color-4)","background-image":"","background-repeat":"repeat","background-position":"center center","background-size":"auto","background-attachment":"scroll","background-type":"","background-media":"","overlay-type":"","overlay-color":"","overlay-opacity":"","overlay-gradient":""},"tablet":{"background-color":"","background-image":"","background-repeat":"repeat","background-position":"center center","background-size":"auto","background-attachment":"scroll","background-type":"","background-media":"","overlay-type":"","overlay-color":"","overlay-opacity":"","overlay-gradient":""},"mobile":{"background-color":"","background-image":"","background-repeat":"repeat","background-position":"center center","background-size":"auto","background-attachment":"scroll","background-type":"","background-media":"","overlay-type":"","overlay-color":"","overlay-opacity":"","overlay-gradient":""}},"ast-content-background-meta":{"desktop":{"background-color":"var(--ast-global-color-5)","background-image":"","background-repeat":"repeat","background-position":"center center","background-size":"auto","background-attachment":"scroll","background-type":"","background-media":"","overlay-type":"","overlay-color":"","overlay-opacity":"","overlay-gradient":""},"tablet":{"background-color":"var(--ast-global-color-5)","background-image":"","background-repeat":"repeat","background-position":"center center","background-size":"auto","background-attachment":"scroll","background-type":"","background-media":"","overlay-type":"","overlay-color":"","overlay-opacity":"","overlay-gradient":""},"mobile":{"background-color":"var(--ast-global-color-5)","background-image":"","background-repeat":"repeat","background-position":"center center","background-size":"auto","background-attachment":"scroll","background-type":"","background-media":"","overlay-type":"","overlay-color":"","overlay-opacity":"","overlay-gradient":""}}},"class_list":["post-458","product","type-product","status-publish","has-post-thumbnail","hentry","product_cat-sin-categorizar","desktop-align-left","tablet-align-left","mobile-align-left"],"yoast_head":"<!-- This site is optimized with the Yoast SEO plugin v15.2 - https:\/\/yoast.com\/wordpress\/plugins\/seo\/ -->\n<title>Beloved nipple. Amado pez\u00f3n en plata de ley<\/title>\n<meta name=\"description\" content=\"Pieza \u00fanica realizada plata de ley 9,25 con t\u00e9cnica mixta de fundici\u00f3n y taller a partir de molde personal de alginato.\" \/>\n<meta name=\"robots\" content=\"index, follow, max-snippet:-1, max-image-preview:large, max-video-preview:-1\" \/>\n<link rel=\"canonical\" href=\"https:\/\/www.helenacandelas.com\/index.php\/producto\/beloved-nipple-amado-pezon\/\" \/>\n<meta property=\"og:locale\" content=\"es_ES\" \/>\n<meta property=\"og:type\" content=\"article\" \/>\n<meta property=\"og:title\" content=\"Beloved nipple. Amado pez\u00f3n en plata de ley\" \/>\n<meta property=\"og:description\" content=\"Pieza \u00fanica realizada plata de ley 9,25 con t\u00e9cnica mixta de fundici\u00f3n y taller a partir de molde personal de alginato.\" \/>\n<meta property=\"og:url\" content=\"https:\/\/www.helenacandelas.com\/index.php\/producto\/beloved-nipple-amado-pezon\/\" \/>\n<meta property=\"og:site_name\" content=\"helena candelas\" \/>\n<meta property=\"article:modified_time\" content=\"2024-06-29T21:21:30+00:00\" \/>\n<meta property=\"og:image\" content=\"https:\/\/www.helenacandelas.com\/wp-content\/uploads\/2023\/02\/pezon-plata.png\" \/>\n\t<meta property=\"og:image:width\" content=\"567\" \/>\n\t<meta property=\"og:image:height\" content=\"255\" \/>\n<meta name=\"twitter:card\" content=\"summary_large_image\" \/>\n<meta name=\"twitter:label1\" value=\"Escrito por\">\n\t<meta name=\"twitter:data1\" value=\"admin\">\n\t<meta name=\"twitter:label2\" value=\"Tiempo de lectura\">\n\t<meta name=\"twitter:data2\" value=\"0 minutos\">\n<script type=\"application\/ld+json\" class=\"yoast-schema-graph\">{\"@context\":\"https:\/\/schema.org\",\"@graph\":[{\"@type\":\"WebSite\",\"@id\":\"https:\/\/www.helenacandelas.com\/#website\",\"url\":\"https:\/\/www.helenacandelas.com\/\",\"name\":\"helena candelas\",\"description\":\"Artista  contempor&aacute;nea\",\"potentialAction\":[{\"@type\":\"SearchAction\",\"target\":\"https:\/\/www.helenacandelas.com\/?s={search_term_string}\",\"query-input\":\"required name=search_term_string\"}],\"inLanguage\":\"es\"},{\"@type\":\"ImageObject\",\"@id\":\"https:\/\/www.helenacandelas.com\/index.php\/producto\/beloved-nipple-amado-pezon\/#primaryimage\",\"inLanguage\":\"es\",\"url\":\"https:\/\/www.helenacandelas.com\/wp-content\/uploads\/2023\/02\/pezon-plata.png\",\"width\":567,\"height\":255},{\"@type\":\"WebPage\",\"@id\":\"https:\/\/www.helenacandelas.com\/index.php\/producto\/beloved-nipple-amado-pezon\/#webpage\",\"url\":\"https:\/\/www.helenacandelas.com\/index.php\/producto\/beloved-nipple-amado-pezon\/\",\"name\":\"Beloved nipple. Amado pez\\u00f3n en plata de ley\",\"isPartOf\":{\"@id\":\"https:\/\/www.helenacandelas.com\/#website\"},\"primaryImageOfPage\":{\"@id\":\"https:\/\/www.helenacandelas.com\/index.php\/producto\/beloved-nipple-amado-pezon\/#primaryimage\"},\"datePublished\":\"2023-10-11T20:11:21+00:00\",\"dateModified\":\"2024-06-29T21:21:30+00:00\",\"description\":\"Pieza \\u00fanica realizada plata de ley 9,25 con t\\u00e9cnica mixta de fundici\\u00f3n y taller a partir de molde personal de alginato.\",\"inLanguage\":\"es\",\"potentialAction\":[{\"@type\":\"ReadAction\",\"target\":[\"https:\/\/www.helenacandelas.com\/index.php\/producto\/beloved-nipple-amado-pezon\/\"]}]}]}<\/script>\n<!-- \/ Yoast SEO plugin. -->","_links":{"self":[{"href":"https:\/\/www.helenacandelas.com\/index.php\/wp-json\/wp\/v2\/product\/458","targetHints":{"allow":["GET"]}}],"collection":[{"href":"https:\/\/www.helenacandelas.com\/index.php\/wp-json\/wp\/v2\/product"}],"about":[{"href":"https:\/\/www.helenacandelas.com\/index.php\/wp-json\/wp\/v2\/types\/product"}],"replies":[{"embeddable":true,"href":"https:\/\/www.helenacandelas.com\/index.php\/wp-json\/wp\/v2\/comments?post=458"}],"wp:featuredmedia":[{"embeddable":true,"href":"https:\/\/www.helenacandelas.com\/index.php\/wp-json\/wp\/v2\/media\/388"}],"wp:attachment":[{"href":"https:\/\/www.helenacandelas.com\/index.php\/wp-json\/wp\/v2\/media?parent=458"}],"curies":[{"name":"wp","href":"https:\/\/api.w.org\/{rel}","templated":true}]}}